{"id":1707,"date":"2018-09-05T18:38:17","date_gmt":"2018-09-05T18:38:17","guid":{"rendered":"https:\/\/gascon.ca\/nicolas-beaulieu\/"},"modified":"2024-02-22T14:22:43","modified_gmt":"2024-02-22T18:22:43","slug":"nicolas-beaulieu","status":"publish","type":"page","link":"https:\/\/gasc.sltm.ca\/en\/nicolas-beaulieu\/","title":{"rendered":"NICOLAS BEAULIEU"},"content":{"rendered":"\n<style type=\"text\/css\" data-created_by=\"avia_inline_auto\" id=\"style-css-av-fyeu1-c0ba32e64a9db2c42a6b9d5ae395d018\">\n.flex_column.av-fyeu1-c0ba32e64a9db2c42a6b9d5ae395d018{\nborder-radius:0px 0px 0px 0px;\npadding:0px 0px 0px 0px;\n}\n<\/style>\n<div  class='flex_column av-fyeu1-c0ba32e64a9db2c42a6b9d5ae395d018 av_three_fourth  avia-builder-el-0  el_before_av_one_fourth  avia-builder-el-first  first flex_column_div av-zero-column-padding  '     ><style type=\"text\/css\" data-created_by=\"avia_inline_auto\" id=\"style-css-av-jko6iejr-8039a9611e77f71e4c685c15eb154a61\">\n.avia-image-container.av-jko6iejr-8039a9611e77f71e4c685c15eb154a61 img.avia_image{\nbox-shadow:none;\n}\n.avia-image-container.av-jko6iejr-8039a9611e77f71e4c685c15eb154a61 .av-image-caption-overlay-center{\ncolor:#ffffff;\n}\n<\/style>\n<div  class='avia-image-container av-jko6iejr-8039a9611e77f71e4c685c15eb154a61 av-styling- avia-align-center  avia-builder-el-1  avia-builder-el-no-sibling '   itemprop=\"image\" itemscope=\"itemscope\" itemtype=\"https:\/\/schema.org\/ImageObject\" ><div class=\"avia-image-container-inner\"><div class=\"avia-image-overlay-wrap\"><img decoding=\"async\" fetchpriority=\"high\" class='wp-image-771 avia-img-lazy-loading-not-771 avia_image ' src=\"https:\/\/gasc.sltm.ca\/wp-content\/uploads\/2018\/08\/photo-beaulieu-nicolas.jpg\" alt='' title=''  height=\"303\" width=\"970\"  itemprop=\"thumbnailUrl\" srcset=\"https:\/\/gasc.sltm.ca\/wp-content\/uploads\/2018\/08\/photo-beaulieu-nicolas.jpg 970w, https:\/\/gasc.sltm.ca\/wp-content\/uploads\/2018\/08\/photo-beaulieu-nicolas-300x94.jpg 300w, https:\/\/gasc.sltm.ca\/wp-content\/uploads\/2018\/08\/photo-beaulieu-nicolas-768x240.jpg 768w, https:\/\/gasc.sltm.ca\/wp-content\/uploads\/2018\/08\/photo-beaulieu-nicolas-705x220.jpg 705w, https:\/\/gasc.sltm.ca\/wp-content\/uploads\/2018\/08\/photo-beaulieu-nicolas-450x141.jpg 450w\" sizes=\"(max-width: 970px) 100vw, 970px\" \/><\/div><\/div><\/div><\/div>\n\n<style type=\"text\/css\" data-created_by=\"avia_inline_auto\" id=\"style-css-av-7k449-eaa73c679fcfe6a98cd8087004920e4b\">\n.flex_column.av-7k449-eaa73c679fcfe6a98cd8087004920e4b{\nborder-radius:0px 0px 0px 0px;\npadding:77px 0px 0px 0px;\n}\n<\/style>\n<div  class='flex_column av-7k449-eaa73c679fcfe6a98cd8087004920e4b av_one_fourth  avia-builder-el-2  el_after_av_three_fourth  el_before_av_hr  flex_column_div  '     ><p>\n<style type=\"text\/css\" data-created_by=\"avia_inline_auto\" id=\"style-css-av-jko6h6dd-95b99f07e97651b7506948da8dcc9b0e\">\n.avia-image-container.av-jko6h6dd-95b99f07e97651b7506948da8dcc9b0e img.avia_image{\nbox-shadow:none;\n}\n.avia-image-container.av-jko6h6dd-95b99f07e97651b7506948da8dcc9b0e .av-image-caption-overlay-center{\ncolor:#ffffff;\n}\n<\/style>\n<div  class='avia-image-container av-jko6h6dd-95b99f07e97651b7506948da8dcc9b0e av-styling- av-hover-grow av-img-linked avia-align-center  avia-builder-el-3  el_before_av_image  avia-builder-el-first '   itemprop=\"image\" itemscope=\"itemscope\" itemtype=\"https:\/\/schema.org\/ImageObject\" ><div class=\"avia-image-container-inner\"><div class=\"avia-image-overlay-wrap\"><a href=\"https:\/\/ca.linkedin.com\/in\/beaulieunicolas\" class='avia_image ' target=\"_blank\" rel=\"noopener noreferrer\"><img decoding=\"async\" fetchpriority=\"high\" class='wp-image-803 avia-img-lazy-loading-not-803 avia_image ' src=\"https:\/\/gasc.sltm.ca\/wp-content\/uploads\/2018\/08\/linked-in-icon.png\" alt='' title=''  height=\"60\" width=\"60\"  itemprop=\"thumbnailUrl\" srcset=\"https:\/\/gasc.sltm.ca\/wp-content\/uploads\/2018\/08\/linked-in-icon.png 60w, https:\/\/gasc.sltm.ca\/wp-content\/uploads\/2018\/08\/linked-in-icon-36x36.png 36w\" sizes=\"(max-width: 60px) 100vw, 60px\" \/><\/a><\/div><\/div><\/div><br \/>\n\n<style type=\"text\/css\" data-created_by=\"avia_inline_auto\" id=\"style-css-av-jko6h6dd-a801d6ba6e5c806dd71584bcdb442efc\">\n.avia-image-container.av-jko6h6dd-a801d6ba6e5c806dd71584bcdb442efc img.avia_image{\nbox-shadow:none;\n}\n.avia-image-container.av-jko6h6dd-a801d6ba6e5c806dd71584bcdb442efc .av-image-caption-overlay-center{\ncolor:#ffffff;\n}\n<\/style>\n<div  class='avia-image-container av-jko6h6dd-a801d6ba6e5c806dd71584bcdb442efc av-styling- av-hover-grow av-img-linked avia-align-center  avia-builder-el-4  el_after_av_image  el_before_av_image '   itemprop=\"image\" itemscope=\"itemscope\" itemtype=\"https:\/\/schema.org\/ImageObject\" ><div class=\"avia-image-container-inner\"><div class=\"avia-image-overlay-wrap\"><a href=\"https:\/\/gascon.ca\/wp-content\/uploads\/2018\/08\/Me%20Nicolas%20Beaulieu.vcf\" class='avia_image '  ><img decoding=\"async\" fetchpriority=\"high\" class='wp-image-805 avia-img-lazy-loading-not-805 avia_image ' src=\"https:\/\/gasc.sltm.ca\/wp-content\/uploads\/2018\/08\/vcard-icon.png\" alt='' title=''  height=\"60\" width=\"60\"  itemprop=\"thumbnailUrl\" srcset=\"https:\/\/gasc.sltm.ca\/wp-content\/uploads\/2018\/08\/vcard-icon.png 60w, https:\/\/gasc.sltm.ca\/wp-content\/uploads\/2018\/08\/vcard-icon-36x36.png 36w\" sizes=\"(max-width: 60px) 100vw, 60px\" \/><\/a><\/div><\/div><\/div><br \/>\n\n<style type=\"text\/css\" data-created_by=\"avia_inline_auto\" id=\"style-css-av-jko6h6dd-482ad0848f1a7687a04b787ecb609fee\">\n.avia-image-container.av-jko6h6dd-482ad0848f1a7687a04b787ecb609fee img.avia_image{\nbox-shadow:none;\n}\n.avia-image-container.av-jko6h6dd-482ad0848f1a7687a04b787ecb609fee .av-image-caption-overlay-center{\ncolor:#ffffff;\n}\n<\/style>\n<div  class='avia-image-container av-jko6h6dd-482ad0848f1a7687a04b787ecb609fee av-styling- av-hover-grow av-img-linked avia-align-center  avia-builder-el-5  el_after_av_image  avia-builder-el-last '   itemprop=\"image\" itemscope=\"itemscope\" itemtype=\"https:\/\/schema.org\/ImageObject\" ><div class=\"avia-image-container-inner\"><div class=\"avia-image-overlay-wrap\"><a href=\"mailto:nbeaulieu@gascon.ca\" class='avia_image '  ><img decoding=\"async\" fetchpriority=\"high\" class='wp-image-807 avia-img-lazy-loading-not-807 avia_image ' src=\"https:\/\/gasc.sltm.ca\/wp-content\/uploads\/2018\/08\/mail-icon.png\" alt='' title=''  height=\"60\" width=\"60\"  itemprop=\"thumbnailUrl\" srcset=\"https:\/\/gasc.sltm.ca\/wp-content\/uploads\/2018\/08\/mail-icon.png 60w, https:\/\/gasc.sltm.ca\/wp-content\/uploads\/2018\/08\/mail-icon-36x36.png 36w\" sizes=\"(max-width: 60px) 100vw, 60px\" \/><\/a><\/div><\/div><\/div><\/p><\/div>\n<div  class='hr av-8hak9-a70e026ee570c77d77e3daf6d461015b hr-default  avia-builder-el-6  el_after_av_one_fourth  el_before_av_three_fourth '><span class='hr-inner '><span class=\"hr-inner-style\"><\/span><\/span><\/div>\n\n<style type=\"text\/css\" data-created_by=\"avia_inline_auto\" id=\"style-css-av-fyeu1-13c22a75976590c17bef9c8b95415333\">\n.flex_column.av-fyeu1-13c22a75976590c17bef9c8b95415333{\nborder-radius:0px 0px 0px 0px;\npadding:-20px 0px 0px 0px;\n}\n<\/style>\n<div  class='flex_column av-fyeu1-13c22a75976590c17bef9c8b95415333 av_three_fourth  avia-builder-el-7  el_after_av_hr  el_before_av_one_fourth  first flex_column_div  '     ><section  class='av_textblock_section av-jko4ax01-6a7612dcc0ceee058d02087fda961531 '   itemscope=\"itemscope\" itemtype=\"https:\/\/schema.org\/CreativeWork\" ><div class='avia_textblock texte-equipe'  itemprop=\"text\" ><h1>NICOLAS BEAULIEU<\/h1>\n<h6>Attorney, Partner<\/h6>\n<p>Nicolas Beaulieu\u2019s business law practice is focused primarily on acquisitions, partnerships and joint ventures, financing, real estate and multi-jurisdictional transactions.<\/p>\n<p>He has followed an intensive program at Loyola University in Chicago and was awarded the title of Certified Merger and Acquisition Advisor (CMAA).<\/p>\n<p>He is often invited as a speaker where he communicates his knowledge and experience to others, on various topics such as joint ventures, limited partnerships and other types of partnerships.<\/p>\n<p>As a result of his extensive experience in acquisition, joint ventures, partnerships and financings, Nicolas regularly acts as a strategic advisor for his clients, participating in the elaboration of strategies and decisions, and where is business sense, creative solutions and negotiation skills are looked for and are put to contribution.<\/p>\n<p>The scope of the projects entrusted to him often involve complex partnership structures and investment funds comprised of foreign investors and asset managers. He is also frequently called on to advise on the appropriate structure of projects and legal entities, as well as to participate in acquisition, financing, development and management operations.<\/p>\n<p>Nicolas is also well known in financing circles and represents many financial institutions bank syndications as well as institutional and private lenders in order to put in place commercial and real estate financings for them. He is regularly invited at conferences to speak to lenders on various topics dealing with financing.<\/p>\n<p>His insight is also sought on projects involving the organization of corporate structures, shareholder agreements and shareholder disputes. He co-authored an article on the fiduciary duties of directors, which was published in Revue d\u2019\u00c9tudes Juridiques.<\/p>\n<h6>Recent work<\/h6>\n<p><a href=\"https:\/\/www.gascon.ca\/en\/2023\/10\/05\/major-partnership-and-real-estate-development-project\/\">Major partnership and real estate development project in Sainte-Anne-de-Bellevue.<\/a><\/p>\n<p><a href=\"https:\/\/www.gascon.ca\/en\/2022\/12\/02\/new-bmo-financing-with-mondev\/\">New BMO financing with Mondev.<\/a><\/p>\n<p><a href=\"https:\/\/www.gascon.ca\/en\/2022\/12\/02\/construction-financing-for-the-2nd-phase-of-the-recreatheque-project\/\">Construction financing for the 2nd phase of the R\u00e9cr\u00e9ath\u00e8que Project.<\/a><\/p>\n<p><a href=\"https:\/\/www.gascon.ca\/en\/2022\/11\/30\/new-project-of-the-consortium-quenneville-menard\/\">New Consortium Quenneville Menard Project.<\/a><\/p>\n<p><a href=\"https:\/\/www.gascon.ca\/en\/2022\/04\/26\/harden-adds-another-important-real-estate-asset-to-its-portfolio\/\">Harden adds another important real estate asset to its portfolio.<\/a><\/p>\n<p><a href=\"https:\/\/www.gascon.ca\/en\/2022\/04\/26\/harden-will-manage-all-of-riocans-commercial-centers-in-quebec\/\">Harden will manage all of Riocan\u2019s commercial centers in Quebec.<\/a><\/p>\n<p><a href=\"https:\/\/www.gascon.ca\/en\/2021\/06\/03\/three-new-important-residential-projects-to-be-developed-in-downtown-laval\/\">Three new important residential projects to be developed in downtown Laval.<\/a><\/p>\n<p><a href=\"https:\/\/www.gascon.ca\/en\/2021\/06\/03\/financing-for-the-acquisition-of-a-portfolio-of-properties-in-trois-rivieres\/\">Financing for the acquisition of a portfolio of properties in Trois-Rivi\u00e8res.<\/a><\/p>\n<p><a href=\"https:\/\/www.gascon.ca\/en\/2021\/03\/03\/townhouse-projet-in-vaudreuil-dorion\/\">Townhouse projet in Vaudreuil-Dorion.<\/a><\/p>\n<p><a href=\"https:\/\/www.gascon.ca\/en\/2020\/06\/18\/important-partnership-for-a-multi-residential-project-in-laval\/\">Important partnership for a multi-residential project in Laval.<\/a><\/p>\n<p><a href=\"https:\/\/www.gascon.ca\/en\/2020\/06\/15\/investments-housing-project-in-downtown-montreal\/\">Investments housing project in downtown Montreal.<\/a><\/p>\n<p><a href=\"https:\/\/www.gascon.ca\/en\/2020\/06\/15\/harden-becomes-co-owner-of-a-commercial-property-in-downtown-montreal\/\">Harden becomes co-owner of a commercial property in downtown Montreal.<\/a><\/p>\n<p><a href=\"https:\/\/www.gascon.ca\/en\/2019\/12\/18\/harden-riocan-important-transactions\/\">Harden and RioCan join forces in two important transactions.<\/a><\/p>\n<p><a href=\"https:\/\/www.gascon.ca\/en\/2019\/09\/23\/solstice-montreal-partnership-for-the-construction-of-a-real-estate-project-in-downtown-montreal\/\">Solstice Montr\u00e9al : partnership for the construction of a real estate project in downtown Montr\u00e9al.<\/a><\/p>\n<p><a href=\"https:\/\/www.gascon.ca\/en\/2019\/08\/06\/sale-of-the-building-housing-the-mansfield-athletic-club\/\">Sale of the building housing the Mansfield Athletic Club.<\/a><\/p>\n<\/div><\/section><\/div>\n<style type=\"text\/css\" data-created_by=\"avia_inline_auto\" id=\"style-css-av-7k449-dd99da035680269dd3ac90f384ab659a\">\n.flex_column.av-7k449-dd99da035680269dd3ac90f384ab659a{\nborder-width:1px;\nborder-color:#dddddd;\nborder-style:solid;\nborder-radius:0px 0px 0px 0px;\npadding:20px 20px 20px 20px;\nbackground-color:#eeeeee;\n}\n<\/style>\n<div  class='flex_column av-7k449-dd99da035680269dd3ac90f384ab659a av_one_fourth  avia-builder-el-9  el_after_av_three_fourth  avia-builder-el-last  flex_column_div  '     ><section  class='av_textblock_section av-jko4ax01-80b31fd90fe57b90a7c12c3491daa368 '   itemscope=\"itemscope\" itemtype=\"https:\/\/schema.org\/CreativeWork\" ><div class='avia_textblock fiche-bloc-gris'  itemprop=\"text\" ><h2>\u00a0<\/h2>\n<h6 style=\"text-align: left;\">Admission to the Quebec Bar<\/h6>\n<p style=\"text-align: left;\">1994<\/p>\n<h6 style=\"text-align: left;\">Phone<\/h6>\n<p style=\"text-align: left;\">514 879-2974<\/p>\n<h6 style=\"text-align: left;\">Fax<\/h6>\n<p style=\"text-align: left;\">514 879-4659<\/p>\n<h6 style=\"text-align: left;\">Email<\/h6>\n<p style=\"text-align: left;\"><a href=\"mailto:nbeaulieu@gascon.ca\">nbeaulieu@gascon.ca<\/a><\/p>\n<\/div><\/section><\/div><\/p>\n","protected":false},"excerpt":{"rendered":"","protected":false},"author":7,"featured_media":0,"parent":0,"menu_order":0,"comment_status":"closed","ping_status":"closed","template":"","meta":{"_monsterinsights_skip_tracking":false,"_monsterinsights_sitenote_active":false,"_monsterinsights_sitenote_note":"","_monsterinsights_sitenote_category":0,"footnotes":""},"yoast_head":"<!-- This site is optimized with the Yoast SEO plugin v22.5 - https:\/\/yoast.com\/wordpress\/plugins\/seo\/ -->\n<title>NICOLAS BEAULIEU - Gascon<\/title>\n<meta name=\"robots\" content=\"noindex, follow, max-snippet:-1, max-image-preview:large, max-video-preview:-1\" \/>\n<meta property=\"og:locale\" content=\"en_US\" \/>\n<meta property=\"og:type\" content=\"article\" \/>\n<meta property=\"og:title\" content=\"NICOLAS BEAULIEU - Gascon\" \/>\n<meta property=\"og:url\" content=\"https:\/\/gasc.sltm.ca\/en\/nicolas-beaulieu\/\" \/>\n<meta property=\"og:site_name\" content=\"Gascon\" \/>\n<meta property=\"article:modified_time\" content=\"2024-02-22T18:22:43+00:00\" \/>\n<meta property=\"og:image\" content=\"https:\/\/gasc.sltm.ca\/wp-content\/uploads\/2018\/09\/Visuel_Post_Facebook.jpg\" \/>\n\t<meta property=\"og:image:width\" content=\"1200\" \/>\n\t<meta property=\"og:image:height\" content=\"628\" \/>\n\t<meta property=\"og:image:type\" content=\"image\/jpeg\" \/>\n<meta name=\"twitter:card\" content=\"summary_large_image\" \/>\n<meta name=\"twitter:label1\" content=\"Est. reading time\" \/>\n\t<meta name=\"twitter:data1\" content=\"3 minutes\" \/>\n<script type=\"application\/ld+json\" class=\"yoast-schema-graph\">{\"@context\":\"https:\/\/schema.org\",\"@graph\":[{\"@type\":\"WebPage\",\"@id\":\"https:\/\/gasc.sltm.ca\/en\/nicolas-beaulieu\/\",\"url\":\"https:\/\/gasc.sltm.ca\/en\/nicolas-beaulieu\/\",\"name\":\"NICOLAS BEAULIEU - Gascon\",\"isPartOf\":{\"@id\":\"https:\/\/gasc.sltm.ca\/#website\"},\"datePublished\":\"2018-09-05T18:38:17+00:00\",\"dateModified\":\"2024-02-22T18:22:43+00:00\",\"breadcrumb\":{\"@id\":\"https:\/\/gasc.sltm.ca\/en\/nicolas-beaulieu\/#breadcrumb\"},\"inLanguage\":\"en-US\",\"potentialAction\":[{\"@type\":\"ReadAction\",\"target\":[\"https:\/\/gasc.sltm.ca\/en\/nicolas-beaulieu\/\"]}]},{\"@type\":\"BreadcrumbList\",\"@id\":\"https:\/\/gasc.sltm.ca\/en\/nicolas-beaulieu\/#breadcrumb\",\"itemListElement\":[{\"@type\":\"ListItem\",\"position\":1,\"name\":\"Home\",\"item\":\"https:\/\/gasc.sltm.ca\/en\/\"},{\"@type\":\"ListItem\",\"position\":2,\"name\":\"NICOLAS BEAULIEU\"}]},{\"@type\":\"WebSite\",\"@id\":\"https:\/\/gasc.sltm.ca\/#website\",\"url\":\"https:\/\/gasc.sltm.ca\/\",\"name\":\"Gascon\",\"description\":\"Cabinet d\u2019avocats Gascon et associ\u00e9s\",\"potentialAction\":[{\"@type\":\"SearchAction\",\"target\":{\"@type\":\"EntryPoint\",\"urlTemplate\":\"https:\/\/gasc.sltm.ca\/?s={search_term_string}\"},\"query-input\":\"required name=search_term_string\"}],\"inLanguage\":\"en-US\"}]}<\/script>\n<!-- \/ Yoast SEO plugin. -->","yoast_head_json":{"title":"NICOLAS BEAULIEU - Gascon","robots":{"index":"noindex","follow":"follow","max-snippet":"max-snippet:-1","max-image-preview":"max-image-preview:large","max-video-preview":"max-video-preview:-1"},"og_locale":"en_US","og_type":"article","og_title":"NICOLAS BEAULIEU - Gascon","og_url":"https:\/\/gasc.sltm.ca\/en\/nicolas-beaulieu\/","og_site_name":"Gascon","article_modified_time":"2024-02-22T18:22:43+00:00","og_image":[{"width":1200,"height":628,"url":"https:\/\/gasc.sltm.ca\/wp-content\/uploads\/2018\/09\/Visuel_Post_Facebook.jpg","type":"image\/jpeg"}],"twitter_card":"summary_large_image","twitter_misc":{"Est. reading time":"3 minutes"},"schema":{"@context":"https:\/\/schema.org","@graph":[{"@type":"WebPage","@id":"https:\/\/gasc.sltm.ca\/en\/nicolas-beaulieu\/","url":"https:\/\/gasc.sltm.ca\/en\/nicolas-beaulieu\/","name":"NICOLAS BEAULIEU - Gascon","isPartOf":{"@id":"https:\/\/gasc.sltm.ca\/#website"},"datePublished":"2018-09-05T18:38:17+00:00","dateModified":"2024-02-22T18:22:43+00:00","breadcrumb":{"@id":"https:\/\/gasc.sltm.ca\/en\/nicolas-beaulieu\/#breadcrumb"},"inLanguage":"en-US","potentialAction":[{"@type":"ReadAction","target":["https:\/\/gasc.sltm.ca\/en\/nicolas-beaulieu\/"]}]},{"@type":"BreadcrumbList","@id":"https:\/\/gasc.sltm.ca\/en\/nicolas-beaulieu\/#breadcrumb","itemListElement":[{"@type":"ListItem","position":1,"name":"Home","item":"https:\/\/gasc.sltm.ca\/en\/"},{"@type":"ListItem","position":2,"name":"NICOLAS BEAULIEU"}]},{"@type":"WebSite","@id":"https:\/\/gasc.sltm.ca\/#website","url":"https:\/\/gasc.sltm.ca\/","name":"Gascon","description":"Cabinet d\u2019avocats Gascon et associ\u00e9s","potentialAction":[{"@type":"SearchAction","target":{"@type":"EntryPoint","urlTemplate":"https:\/\/gasc.sltm.ca\/?s={search_term_string}"},"query-input":"required name=search_term_string"}],"inLanguage":"en-US"}]}},"_links":{"self":[{"href":"https:\/\/gasc.sltm.ca\/en\/wp-json\/wp\/v2\/pages\/1707"}],"collection":[{"href":"https:\/\/gasc.sltm.ca\/en\/wp-json\/wp\/v2\/pages"}],"about":[{"href":"https:\/\/gasc.sltm.ca\/en\/wp-json\/wp\/v2\/types\/page"}],"author":[{"embeddable":true,"href":"https:\/\/gasc.sltm.ca\/en\/wp-json\/wp\/v2\/users\/7"}],"replies":[{"embeddable":true,"href":"https:\/\/gasc.sltm.ca\/en\/wp-json\/wp\/v2\/comments?post=1707"}],"version-history":[{"count":1,"href":"https:\/\/gasc.sltm.ca\/en\/wp-json\/wp\/v2\/pages\/1707\/revisions"}],"predecessor-version":[{"id":9319,"href":"https:\/\/gasc.sltm.ca\/en\/wp-json\/wp\/v2\/pages\/1707\/revisions\/9319"}],"wp:attachment":[{"href":"https:\/\/gasc.sltm.ca\/en\/wp-json\/wp\/v2\/media?parent=1707"}],"curies":[{"name":"wp","href":"https:\/\/api.w.org\/{rel}","templated":true}]}}