{"id":1735,"date":"2018-09-05T19:31:55","date_gmt":"2018-09-05T19:31:55","guid":{"rendered":"https:\/\/gascon.ca\/jean-proulx\/"},"modified":"2024-02-23T09:37:12","modified_gmt":"2024-02-23T13:37:12","slug":"jean-proulx","status":"publish","type":"page","link":"https:\/\/gasc.sltm.ca\/en\/jean-proulx\/","title":{"rendered":"JEAN PROULX"},"content":{"rendered":"\n<style type=\"text\/css\" data-created_by=\"avia_inline_auto\" id=\"style-css-av-fyeu1-c0ba32e64a9db2c42a6b9d5ae395d018\">\n.flex_column.av-fyeu1-c0ba32e64a9db2c42a6b9d5ae395d018{\nborder-radius:0px 0px 0px 0px;\npadding:0px 0px 0px 0px;\n}\n<\/style>\n<div  class='flex_column av-fyeu1-c0ba32e64a9db2c42a6b9d5ae395d018 av_three_fourth  avia-builder-el-0  el_before_av_one_fourth  avia-builder-el-first  first flex_column_div av-zero-column-padding  '     ><style type=\"text\/css\" data-created_by=\"avia_inline_auto\" id=\"style-css-av-jko6iejr-cdaf56f2f1d883b51457aae20de2dd05\">\n.avia-image-container.av-jko6iejr-cdaf56f2f1d883b51457aae20de2dd05 img.avia_image{\nbox-shadow:none;\n}\n.avia-image-container.av-jko6iejr-cdaf56f2f1d883b51457aae20de2dd05 .av-image-caption-overlay-center{\ncolor:#ffffff;\n}\n<\/style>\n<div  class='avia-image-container av-jko6iejr-cdaf56f2f1d883b51457aae20de2dd05 av-styling- avia-align-center  avia-builder-el-1  avia-builder-el-no-sibling '   itemprop=\"image\" itemscope=\"itemscope\" itemtype=\"https:\/\/schema.org\/ImageObject\" ><div class=\"avia-image-container-inner\"><div class=\"avia-image-overlay-wrap\"><img decoding=\"async\" fetchpriority=\"high\" class='wp-image-907 avia-img-lazy-loading-not-907 avia_image ' src=\"https:\/\/gasc.sltm.ca\/wp-content\/uploads\/2018\/08\/photos-proulx-jean.jpg\" alt='' title=''  height=\"303\" width=\"970\"  itemprop=\"thumbnailUrl\" srcset=\"https:\/\/gasc.sltm.ca\/wp-content\/uploads\/2018\/08\/photos-proulx-jean.jpg 970w, https:\/\/gasc.sltm.ca\/wp-content\/uploads\/2018\/08\/photos-proulx-jean-300x94.jpg 300w, https:\/\/gasc.sltm.ca\/wp-content\/uploads\/2018\/08\/photos-proulx-jean-768x240.jpg 768w, https:\/\/gasc.sltm.ca\/wp-content\/uploads\/2018\/08\/photos-proulx-jean-705x220.jpg 705w, https:\/\/gasc.sltm.ca\/wp-content\/uploads\/2018\/08\/photos-proulx-jean-450x141.jpg 450w\" sizes=\"(max-width: 970px) 100vw, 970px\" \/><\/div><\/div><\/div><\/div>\n\n<style type=\"text\/css\" data-created_by=\"avia_inline_auto\" id=\"style-css-av-7k449-eaa73c679fcfe6a98cd8087004920e4b\">\n.flex_column.av-7k449-eaa73c679fcfe6a98cd8087004920e4b{\nborder-radius:0px 0px 0px 0px;\npadding:77px 0px 0px 0px;\n}\n<\/style>\n<div  class='flex_column av-7k449-eaa73c679fcfe6a98cd8087004920e4b av_one_fourth  avia-builder-el-2  el_after_av_three_fourth  el_before_av_hr  flex_column_div  '     ><p>\n<style type=\"text\/css\" data-created_by=\"avia_inline_auto\" id=\"style-css-av-jko6h6dd-d8b18a4737e314ec775de01bb9a8b43f\">\n.avia-image-container.av-jko6h6dd-d8b18a4737e314ec775de01bb9a8b43f img.avia_image{\nbox-shadow:none;\n}\n.avia-image-container.av-jko6h6dd-d8b18a4737e314ec775de01bb9a8b43f .av-image-caption-overlay-center{\ncolor:#ffffff;\n}\n<\/style>\n<div  class='avia-image-container av-jko6h6dd-d8b18a4737e314ec775de01bb9a8b43f av-styling- av-hover-grow av-img-linked avia-align-center  avia-builder-el-3  el_before_av_image  avia-builder-el-first '   itemprop=\"image\" itemscope=\"itemscope\" itemtype=\"https:\/\/schema.org\/ImageObject\" ><div class=\"avia-image-container-inner\"><div class=\"avia-image-overlay-wrap\"><a href=\"https:\/\/ca.linkedin.com\/pub\/jean-proulx\/83\/921\/2b3\" class='avia_image ' target=\"_blank\" rel=\"noopener noreferrer\"><img decoding=\"async\" fetchpriority=\"high\" class='wp-image-803 avia-img-lazy-loading-not-803 avia_image ' src=\"https:\/\/gasc.sltm.ca\/wp-content\/uploads\/2018\/08\/linked-in-icon.png\" alt='' title=''  height=\"60\" width=\"60\"  itemprop=\"thumbnailUrl\" srcset=\"https:\/\/gasc.sltm.ca\/wp-content\/uploads\/2018\/08\/linked-in-icon.png 60w, https:\/\/gasc.sltm.ca\/wp-content\/uploads\/2018\/08\/linked-in-icon-36x36.png 36w\" sizes=\"(max-width: 60px) 100vw, 60px\" \/><\/a><\/div><\/div><\/div><br \/>\n\n<style type=\"text\/css\" data-created_by=\"avia_inline_auto\" id=\"style-css-av-jko6h6dd-1505d8aefda2f7c1d852ec1e49ab6fc6\">\n.avia-image-container.av-jko6h6dd-1505d8aefda2f7c1d852ec1e49ab6fc6 img.avia_image{\nbox-shadow:none;\n}\n.avia-image-container.av-jko6h6dd-1505d8aefda2f7c1d852ec1e49ab6fc6 .av-image-caption-overlay-center{\ncolor:#ffffff;\n}\n<\/style>\n<div  class='avia-image-container av-jko6h6dd-1505d8aefda2f7c1d852ec1e49ab6fc6 av-styling- av-hover-grow av-img-linked avia-align-center  avia-builder-el-4  el_after_av_image  el_before_av_image '   itemprop=\"image\" itemscope=\"itemscope\" itemtype=\"https:\/\/schema.org\/ImageObject\" ><div class=\"avia-image-container-inner\"><div class=\"avia-image-overlay-wrap\"><a href=\"https:\/\/gascon.ca\/wp-content\/uploads\/2018\/08\/Me%20Jean%20Proulx.vcf\" class='avia_image '  ><img decoding=\"async\" fetchpriority=\"high\" class='wp-image-805 avia-img-lazy-loading-not-805 avia_image ' src=\"https:\/\/gasc.sltm.ca\/wp-content\/uploads\/2018\/08\/vcard-icon.png\" alt='' title=''  height=\"60\" width=\"60\"  itemprop=\"thumbnailUrl\" srcset=\"https:\/\/gasc.sltm.ca\/wp-content\/uploads\/2018\/08\/vcard-icon.png 60w, https:\/\/gasc.sltm.ca\/wp-content\/uploads\/2018\/08\/vcard-icon-36x36.png 36w\" sizes=\"(max-width: 60px) 100vw, 60px\" \/><\/a><\/div><\/div><\/div><br \/>\n\n<style type=\"text\/css\" data-created_by=\"avia_inline_auto\" id=\"style-css-av-jko6h6dd-23551247d91250b8bb26f9400060c95a\">\n.avia-image-container.av-jko6h6dd-23551247d91250b8bb26f9400060c95a img.avia_image{\nbox-shadow:none;\n}\n.avia-image-container.av-jko6h6dd-23551247d91250b8bb26f9400060c95a .av-image-caption-overlay-center{\ncolor:#ffffff;\n}\n<\/style>\n<div  class='avia-image-container av-jko6h6dd-23551247d91250b8bb26f9400060c95a av-styling- av-hover-grow av-img-linked avia-align-center  avia-builder-el-5  el_after_av_image  avia-builder-el-last '   itemprop=\"image\" itemscope=\"itemscope\" itemtype=\"https:\/\/schema.org\/ImageObject\" ><div class=\"avia-image-container-inner\"><div class=\"avia-image-overlay-wrap\"><a href=\"mailto:jproulx@gascon.ca\" class='avia_image '  ><img decoding=\"async\" fetchpriority=\"high\" class='wp-image-807 avia-img-lazy-loading-not-807 avia_image ' src=\"https:\/\/gasc.sltm.ca\/wp-content\/uploads\/2018\/08\/mail-icon.png\" alt='' title=''  height=\"60\" width=\"60\"  itemprop=\"thumbnailUrl\" srcset=\"https:\/\/gasc.sltm.ca\/wp-content\/uploads\/2018\/08\/mail-icon.png 60w, https:\/\/gasc.sltm.ca\/wp-content\/uploads\/2018\/08\/mail-icon-36x36.png 36w\" sizes=\"(max-width: 60px) 100vw, 60px\" \/><\/a><\/div><\/div><\/div><\/p><\/div>\n<div  class='hr av-8hak9-a70e026ee570c77d77e3daf6d461015b hr-default  avia-builder-el-6  el_after_av_one_fourth  el_before_av_three_fourth '><span class='hr-inner '><span class=\"hr-inner-style\"><\/span><\/span><\/div>\n\n<style type=\"text\/css\" data-created_by=\"avia_inline_auto\" id=\"style-css-av-fyeu1-13c22a75976590c17bef9c8b95415333\">\n.flex_column.av-fyeu1-13c22a75976590c17bef9c8b95415333{\nborder-radius:0px 0px 0px 0px;\npadding:-20px 0px 0px 0px;\n}\n<\/style>\n<div  class='flex_column av-fyeu1-13c22a75976590c17bef9c8b95415333 av_three_fourth  avia-builder-el-7  el_after_av_hr  el_before_av_one_fourth  first flex_column_div  '     ><section  class='av_textblock_section av-jko4ax01-6a7612dcc0ceee058d02087fda961531 '   itemscope=\"itemscope\" itemtype=\"https:\/\/schema.org\/CreativeWork\" ><div class='avia_textblock texte-equipe'  itemprop=\"text\" ><h1>JEAN PROULX<\/h1>\n<h6>Attorney, Partner<\/h6>\n<p>Jean Proulx has been practicing commercial, real estate and corporate law for more than 40 years. He has been a counselor and negotiator in the fields of financing, property acquisitions and dispositions, business law, corporate law and financial restructuring. He is also involved in other fields of law, namely, in the construction, real estate development and management of retirement residences.<\/p>\n<p>His career has led him to work with various individuals, corporations and institutions in the business community as well as with in-house counsel from a wide range of organizations. He has also drafted or commented a number of instructions and work manuals and financing documents used by both financial institutions and private corporations.<\/p>\n<p>Jean Proulx lectured at the Faculty of Law of the Universit\u00e9 de Montr\u00e9al and as part of the Qu\u00e9bec Bar\u2019s Continuing Education Program. He is a member of the International Lawyers\u2019 Union (the \u201cUIA\u201d) and has spoken at UIA conferences in Nice and Seville. He was invited by a major financial institution as a keynote speaker as part of the continuing education of its management team and is frequently solicited to speak on various topics relating to real estate law. He has been a member of the board of directors of several non-profit organizations and is currently a director of the Ronald McDonald House (Montr\u00e9al).<\/p>\n<h6>Recent work<\/h6>\n<p><a href=\"https:\/\/www.gascon.ca\/en\/2022\/12\/02\/forming-a-real-estate-fund\/\">Forming a real estate fund<\/a><\/p>\n<p><a href=\"https:\/\/www.gascon.ca\/en\/2022\/11\/30\/financing-of-the-auguste-louis-condominiums-project\/\">Financing of the Auguste &amp; Louis Condominiums project<\/a><\/p>\n<p><a href=\"https:\/\/www.gascon.ca\/en\/2022\/01\/31\/revision-of-a-declaration-of-co-ownership-for-a-large-residential-complex\/\">Revision of a Declaration of Co-Ownership for a Large Residential Complex<\/a><\/p>\n<p><a href=\"https:\/\/www.gascon.ca\/en\/2021\/03\/31\/partnership-between-ipso-facto-and-brivia-for-the-development-of-1-square-phillips\/\">Partnership between Ipso Facto and Brivia for the development of 1 Square Phillips.<\/a><\/p>\n<p><a href=\"https:\/\/www.gascon.ca\/en\/2020\/06\/18\/sale-of-interest-in-a-major-real-estate-rental-project\/\">Sale of interest in a major real estate rental project<\/a><\/p>\n<p><a href=\"https:\/\/www.gascon.ca\/en\/2020\/06\/15\/creation-of-a-150m-real-estate-fund\/\">Creation of a $150m+ real estate fund<\/a><\/p>\n<p><a href=\"https:\/\/www.gascon.ca\/en\/2019\/12\/18\/financings-in-the-amount-of-113-million\/\">Financings in the amount of $113 million<\/a><\/p>\n<p><a href=\"https:\/\/www.gascon.ca\/en\/2019\/08\/12\/purchase-of-the-maa-building-by-devimco-immobilie\/\">Purchase of the MAA building by Devimco Immobilie<\/a><\/p>\n<\/div><\/section><\/div>\n<style type=\"text\/css\" data-created_by=\"avia_inline_auto\" id=\"style-css-av-7k449-dd99da035680269dd3ac90f384ab659a\">\n.flex_column.av-7k449-dd99da035680269dd3ac90f384ab659a{\nborder-width:1px;\nborder-color:#dddddd;\nborder-style:solid;\nborder-radius:0px 0px 0px 0px;\npadding:20px 20px 20px 20px;\nbackground-color:#eeeeee;\n}\n<\/style>\n<div  class='flex_column av-7k449-dd99da035680269dd3ac90f384ab659a av_one_fourth  avia-builder-el-9  el_after_av_three_fourth  avia-builder-el-last  flex_column_div  '     ><section  class='av_textblock_section av-jko4ax01-80b31fd90fe57b90a7c12c3491daa368 '   itemscope=\"itemscope\" itemtype=\"https:\/\/schema.org\/CreativeWork\" ><div class='avia_textblock fiche-bloc-gris'  itemprop=\"text\" ><h6 style=\"text-align: left;\">Admission to the Quebec Bar<\/h6>\n<p style=\"text-align: left;\">1986<\/p>\n<h6 style=\"text-align: left;\">Phone<\/h6>\n<p style=\"text-align: left;\">514 879-4600<\/p>\n<h6 style=\"text-align: left;\">Fax<\/h6>\n<p style=\"text-align: left;\">514 879-4659<\/p>\n<h6 style=\"text-align: left;\">Email<\/h6>\n<p><a href=\"mailto:jproulx@gascon.ca\" target=\"_blank\" rel=\"noopener noreferrer\">jproulx@gascon.ca<\/a><\/p>\n<\/div><\/section><\/div><\/p>\n","protected":false},"excerpt":{"rendered":"","protected":false},"author":7,"featured_media":0,"parent":0,"menu_order":0,"comment_status":"closed","ping_status":"closed","template":"","meta":{"_monsterinsights_skip_tracking":false,"_monsterinsights_sitenote_active":false,"_monsterinsights_sitenote_note":"","_monsterinsights_sitenote_category":0,"footnotes":""},"yoast_head":"<!-- This site is optimized with the Yoast SEO plugin v22.5 - https:\/\/yoast.com\/wordpress\/plugins\/seo\/ -->\n<title>JEAN PROULX - Gascon<\/title>\n<meta name=\"robots\" content=\"noindex, follow, max-snippet:-1, max-image-preview:large, max-video-preview:-1\" \/>\n<meta property=\"og:locale\" content=\"en_US\" \/>\n<meta property=\"og:type\" content=\"article\" \/>\n<meta property=\"og:title\" content=\"JEAN PROULX - Gascon\" \/>\n<meta property=\"og:url\" content=\"https:\/\/gasc.sltm.ca\/en\/jean-proulx\/\" \/>\n<meta property=\"og:site_name\" content=\"Gascon\" \/>\n<meta property=\"article:modified_time\" content=\"2024-02-23T13:37:12+00:00\" \/>\n<meta property=\"og:image\" content=\"https:\/\/gasc.sltm.ca\/wp-content\/uploads\/2018\/09\/Visuel_Post_Facebook.jpg\" \/>\n\t<meta property=\"og:image:width\" content=\"1200\" \/>\n\t<meta property=\"og:image:height\" content=\"628\" \/>\n\t<meta property=\"og:image:type\" content=\"image\/jpeg\" \/>\n<meta name=\"twitter:card\" content=\"summary_large_image\" \/>\n<meta name=\"twitter:label1\" content=\"Est. reading time\" \/>\n\t<meta name=\"twitter:data1\" content=\"3 minutes\" \/>\n<script type=\"application\/ld+json\" class=\"yoast-schema-graph\">{\"@context\":\"https:\/\/schema.org\",\"@graph\":[{\"@type\":\"WebPage\",\"@id\":\"https:\/\/gasc.sltm.ca\/en\/jean-proulx\/\",\"url\":\"https:\/\/gasc.sltm.ca\/en\/jean-proulx\/\",\"name\":\"JEAN PROULX - Gascon\",\"isPartOf\":{\"@id\":\"https:\/\/gasc.sltm.ca\/#website\"},\"datePublished\":\"2018-09-05T19:31:55+00:00\",\"dateModified\":\"2024-02-23T13:37:12+00:00\",\"breadcrumb\":{\"@id\":\"https:\/\/gasc.sltm.ca\/en\/jean-proulx\/#breadcrumb\"},\"inLanguage\":\"en-US\",\"potentialAction\":[{\"@type\":\"ReadAction\",\"target\":[\"https:\/\/gasc.sltm.ca\/en\/jean-proulx\/\"]}]},{\"@type\":\"BreadcrumbList\",\"@id\":\"https:\/\/gasc.sltm.ca\/en\/jean-proulx\/#breadcrumb\",\"itemListElement\":[{\"@type\":\"ListItem\",\"position\":1,\"name\":\"Home\",\"item\":\"https:\/\/gasc.sltm.ca\/en\/\"},{\"@type\":\"ListItem\",\"position\":2,\"name\":\"JEAN PROULX\"}]},{\"@type\":\"WebSite\",\"@id\":\"https:\/\/gasc.sltm.ca\/#website\",\"url\":\"https:\/\/gasc.sltm.ca\/\",\"name\":\"Gascon\",\"description\":\"Cabinet d\u2019avocats Gascon et associ\u00e9s\",\"potentialAction\":[{\"@type\":\"SearchAction\",\"target\":{\"@type\":\"EntryPoint\",\"urlTemplate\":\"https:\/\/gasc.sltm.ca\/?s={search_term_string}\"},\"query-input\":\"required name=search_term_string\"}],\"inLanguage\":\"en-US\"}]}<\/script>\n<!-- \/ Yoast SEO plugin. -->","yoast_head_json":{"title":"JEAN PROULX - Gascon","robots":{"index":"noindex","follow":"follow","max-snippet":"max-snippet:-1","max-image-preview":"max-image-preview:large","max-video-preview":"max-video-preview:-1"},"og_locale":"en_US","og_type":"article","og_title":"JEAN PROULX - Gascon","og_url":"https:\/\/gasc.sltm.ca\/en\/jean-proulx\/","og_site_name":"Gascon","article_modified_time":"2024-02-23T13:37:12+00:00","og_image":[{"width":1200,"height":628,"url":"https:\/\/gasc.sltm.ca\/wp-content\/uploads\/2018\/09\/Visuel_Post_Facebook.jpg","type":"image\/jpeg"}],"twitter_card":"summary_large_image","twitter_misc":{"Est. reading time":"3 minutes"},"schema":{"@context":"https:\/\/schema.org","@graph":[{"@type":"WebPage","@id":"https:\/\/gasc.sltm.ca\/en\/jean-proulx\/","url":"https:\/\/gasc.sltm.ca\/en\/jean-proulx\/","name":"JEAN PROULX - Gascon","isPartOf":{"@id":"https:\/\/gasc.sltm.ca\/#website"},"datePublished":"2018-09-05T19:31:55+00:00","dateModified":"2024-02-23T13:37:12+00:00","breadcrumb":{"@id":"https:\/\/gasc.sltm.ca\/en\/jean-proulx\/#breadcrumb"},"inLanguage":"en-US","potentialAction":[{"@type":"ReadAction","target":["https:\/\/gasc.sltm.ca\/en\/jean-proulx\/"]}]},{"@type":"BreadcrumbList","@id":"https:\/\/gasc.sltm.ca\/en\/jean-proulx\/#breadcrumb","itemListElement":[{"@type":"ListItem","position":1,"name":"Home","item":"https:\/\/gasc.sltm.ca\/en\/"},{"@type":"ListItem","position":2,"name":"JEAN PROULX"}]},{"@type":"WebSite","@id":"https:\/\/gasc.sltm.ca\/#website","url":"https:\/\/gasc.sltm.ca\/","name":"Gascon","description":"Cabinet d\u2019avocats Gascon et associ\u00e9s","potentialAction":[{"@type":"SearchAction","target":{"@type":"EntryPoint","urlTemplate":"https:\/\/gasc.sltm.ca\/?s={search_term_string}"},"query-input":"required name=search_term_string"}],"inLanguage":"en-US"}]}},"_links":{"self":[{"href":"https:\/\/gasc.sltm.ca\/en\/wp-json\/wp\/v2\/pages\/1735"}],"collection":[{"href":"https:\/\/gasc.sltm.ca\/en\/wp-json\/wp\/v2\/pages"}],"about":[{"href":"https:\/\/gasc.sltm.ca\/en\/wp-json\/wp\/v2\/types\/page"}],"author":[{"embeddable":true,"href":"https:\/\/gasc.sltm.ca\/en\/wp-json\/wp\/v2\/users\/7"}],"replies":[{"embeddable":true,"href":"https:\/\/gasc.sltm.ca\/en\/wp-json\/wp\/v2\/comments?post=1735"}],"version-history":[{"count":2,"href":"https:\/\/gasc.sltm.ca\/en\/wp-json\/wp\/v2\/pages\/1735\/revisions"}],"predecessor-version":[{"id":9360,"href":"https:\/\/gasc.sltm.ca\/en\/wp-json\/wp\/v2\/pages\/1735\/revisions\/9360"}],"wp:attachment":[{"href":"https:\/\/gasc.sltm.ca\/en\/wp-json\/wp\/v2\/media?parent=1735"}],"curies":[{"name":"wp","href":"https:\/\/api.w.org\/{rel}","templated":true}]}}